{"id":13,"date":"2023-05-22T13:35:08","date_gmt":"2023-05-22T13:35:08","guid":{"rendered":"https:\/\/mitreaprio.com.br\/?page_id=13"},"modified":"2023-07-14T19:49:27","modified_gmt":"2023-07-14T19:49:27","slug":"acervo","status":"publish","type":"page","link":"https:\/\/mitreaprio.com.br\/en\/acervo\/","title":{"rendered":"Collection"},"content":{"rendered":"<div data-elementor-type=\"wp-page\" data-elementor-id=\"13\" class=\"elementor elementor-13\">\n\t\t\t\t\t\t<section class=\"elementor-section elementor-top-section elementor-element elementor-element-d293dd5 elementor-section-boxed elementor-section-height-default elementor-section-height-default\" data-id=\"d293dd5\" data-element_type=\"section\">\n\t\t\t\t\t\t<div class=\"elementor-container elementor-column-gap-default\">\n\t\t\t\t\t<div class=\"elementor-column elementor-col-100 elementor-top-column elementor-element elementor-element-b6574a7\" data-id=\"b6574a7\" data-element_type=\"column\">\n\t\t\t<div class=\"elementor-widget-wrap elementor-element-populated\">\n\t\t\t\t\t\t<div class=\"elementor-element elementor-element-a0654d8 elementor-widget elementor-widget-heading\" data-id=\"a0654d8\" data-element_type=\"widget\" data-widget_type=\"heading.default\">\n\t\t\t\t<div class=\"elementor-widget-container\">\n\t\t\t\t\t<h2 class=\"elementor-heading-title elementor-size-default\">Collection<\/h2>\t\t\t\t<\/div>\n\t\t\t\t<\/div>\n\t\t\t\t<div class=\"elementor-element elementor-element-36d7dd8 elementor-widget elementor-widget-sidebar\" data-id=\"36d7dd8\" data-element_type=\"widget\" data-widget_type=\"sidebar.default\">\n\t\t\t\t<div class=\"elementor-widget-container\">\n\t\t\t\t\t<aside id=\"egd_noticias_widget-2\" class=\"widget widget_egd_noticias_widget\">\t<style>\n\n\t\t.acervo{\n\t\t\twidth: 100%;\n\t\t\theight: 100%;\n\t\t\tmargin: 0;\n\t\t\tpadding: 0;\n\t\t}\n\n\t\t.artigo{\n\t\t\twidth: 100%;\n\t\t\tpadding: 0px !important;\n\t\t\theight: 400px;\n\t\t\tcolor: #FFF;\n\t\t}\n\t\t.shadow-bg{\n\t\t\tbackground: rgba(74, 40, 100, 0.7);\n\t\t\tmargin: 0 !important;\n\t\t\tpadding: 2em 0;\n\t\t\theight: 100%;\n\t\t\tdisplay: flex;\n    \t\tflex-direction: column;\n    \t\tjustify-content: space-between;\n\t\t}\n\t\t.link-nulo{\n\t\t\ttext-decoration: none !important;\n\t\t\tmargin: 0 !important;\n\t\t\tpadding: 10px !important;\n\t\t}\n\t\t.card-artigo{\n\t\t\tcolor: #FFF;\n\t\t}\n\t\t.card-artigo:hover{\n\t\t\ttransform: scale(1.05);\n\t\t}\n\t\t.categoria{\n\t\t\twidth: 40%;\n    \t\tpadding: 0.5em 1em 0.4em 1em;\n    \t\tbackground: #E9118E;\n    \t\tcolor: #fff;\n\t\t\tfont-weight: 800;\n\t\t\ttext-align: center;\n    \t\ttext-transform: capitalize;\n\t\t}\n\t\t.texto{\n\t\t\tpadding: 0 1.5em;\n\t\t}\n\t\t.titulo-acervo{\n\t\t\tcolor: #FFF !important;\n\t\t\tfont-size: 1.5rem !important;\n\t\t\tpadding: 0 !important;\n\t\t}\n\n\t<\/style>\n\n\n\t<div class=\"row acervo\">\n    \t<div class=\"col-md-12\">\n      \t\t<div class=\"row d-flex justify-content-start\">\n\t\t\t\t\t\t\t\t<a class=\"col-12 col-md-4 link-nulo card-artigo\" href=\"https:\/\/mitreaprio.com.br\/en\/senai-cetiqt-lanca-programa-de-inovacao-para-lideres-do-setor-eletrico\/\">\n\t\t\t\t\t<div class=\"artigo\" style=\"background: url(https:\/\/mitreaprio.com.br\/wp-content\/uploads\/2023\/05\/senai-scaled.jpg); background-position: 0% 30%;\tbackground-repeat: no-repeat; background-size: cover;\">\n\t\t\t\t\t\t<div class=\"shadow-bg\">\n\t\t\t\t\t\t\t<span class=\"categoria\">Article<\/span>\n\t\t\t\t\t\t\t<div class=\"texto\">\n\t\t\t\t\t\t\t\t<h3 class=\"titulo-acervo\">SENAI CETIQT lan\u00e7a Programa de Inova\u00e7\u00e3o para L\u00edderes do Setor El\u00e9trico<\/h3>\n\t\t\t\t\t\t\t\t<span class=\"resumo\">\n\t\t\t\t\t\t\t\t\tO Programa \u00e9 o primeiro desenvolvido com base na nova...\t\t\t\t\t\t\t\t<\/span>\n\t\t\t\t\t\t\t<\/div>\n\t\t\t\t\t\t<\/div>\n\t\t\t\t\t<\/div>\n\t\t\t\t<\/a>\n\t\t\t\n\t\t\t\t\t\t\t\t<a class=\"col-12 col-md-4 link-nulo card-artigo\" href=\"https:\/\/mitreaprio.com.br\/en\/firjan-fara-parte-do-1o-hub-de-inovacao-da-land-rover-jaguar-fora-do-reino-unido\/\">\n\t\t\t\t\t<div class=\"artigo\" style=\"background: url(https:\/\/mitreaprio.com.br\/wp-content\/uploads\/2023\/05\/firjan.jpg); background-position: 0% 30%;\tbackground-repeat: no-repeat; background-size: cover;\">\n\t\t\t\t\t\t<div class=\"shadow-bg\">\n\t\t\t\t\t\t\t<span class=\"categoria\">Article<\/span>\n\t\t\t\t\t\t\t<div class=\"texto\">\n\t\t\t\t\t\t\t\t<h3 class=\"titulo-acervo\">Firjan far\u00e1 parte do 1\u00ba hub de Inova\u00e7\u00e3o da Land Rover Jaguar fora do Reino Unido<\/h3>\n\t\t\t\t\t\t\t\t<span class=\"resumo\">\n\t\t\t\t\t\t\t\t\tJuntamente com o Cubo Ita\u00fa, a Firjan far\u00e1 parte do...\t\t\t\t\t\t\t\t<\/span>\n\t\t\t\t\t\t\t<\/div>\n\t\t\t\t\t\t<\/div>\n\t\t\t\t\t<\/div>\n\t\t\t\t<\/a>\n\t\t\t\n\t\t\t\t\t\t\t\t<a class=\"col-12 col-md-4 link-nulo card-artigo\" href=\"https:\/\/mitreaprio.com.br\/en\/quem-e-quem-na-formacao-dos-ecossistemas-de-inovacao\/\">\n\t\t\t\t\t<div class=\"artigo\" style=\"background: url(https:\/\/mitreaprio.com.br\/wp-content\/uploads\/2023\/05\/o-ecossistema-empreendedor-com-foco-no-impacto-social.jpg); background-position: 0% 30%;\tbackground-repeat: no-repeat; background-size: cover;\">\n\t\t\t\t\t\t<div class=\"shadow-bg\">\n\t\t\t\t\t\t\t<span class=\"categoria\">Article<\/span>\n\t\t\t\t\t\t\t<div class=\"texto\">\n\t\t\t\t\t\t\t\t<h3 class=\"titulo-acervo\">Quem \u00e9 quem na forma\u00e7\u00e3o dos ecossistemas de inova\u00e7\u00e3o<\/h3>\n\t\t\t\t\t\t\t\t<span class=\"resumo\">\n\t\t\t\t\t\t\t\t\tEntender o papel de cada institui\u00e7\u00e3o\/ator \u00e9 quase t\u00e3o fundamental...\t\t\t\t\t\t\t\t<\/span>\n\t\t\t\t\t\t\t<\/div>\n\t\t\t\t\t\t<\/div>\n\t\t\t\t\t<\/div>\n\t\t\t\t<\/a>\n\t\t\t\n\t\t\t\t\t\t\t\t<a class=\"col-12 col-md-4 link-nulo card-artigo\" href=\"https:\/\/mitreaprio.com.br\/en\/energinn-a-1a-intervencao-do-ecossistema-ja-e-realidade\/\">\n\t\t\t\t\t<div class=\"artigo\" style=\"background: url(https:\/\/mitreaprio.com.br\/wp-content\/uploads\/2023\/05\/Rio-background.png); background-position: 0% 30%;\tbackground-repeat: no-repeat; background-size: cover;\">\n\t\t\t\t\t\t<div class=\"shadow-bg\">\n\t\t\t\t\t\t\t<span class=\"categoria\">Article<\/span>\n\t\t\t\t\t\t\t<div class=\"texto\">\n\t\t\t\t\t\t\t\t<h3 class=\"titulo-acervo\">EnergINN \u2013 a 1\u00aa interven\u00e7\u00e3o do Ecossistema j\u00e1 \u00e9 realidade!<\/h3>\n\t\t\t\t\t\t\t\t<span class=\"resumo\">\n\t\t\t\t\t\t\t\t\tCome\u00e7ou no dia 29\/03 o #energINN: o maior programa de...\t\t\t\t\t\t\t\t<\/span>\n\t\t\t\t\t\t\t<\/div>\n\t\t\t\t\t\t<\/div>\n\t\t\t\t\t<\/div>\n\t\t\t\t<\/a>\n\t\t\t\n\t\t\t\t\t\t\t\t<a class=\"col-12 col-md-4 link-nulo card-artigo\" href=\"https:\/\/mitreaprio.com.br\/en\/o-ecossistema-empreendedor-com-foco-no-impacto-social\/\">\n\t\t\t\t\t<div class=\"artigo\" style=\"background: url(https:\/\/mitreaprio.com.br\/wp-content\/uploads\/2023\/05\/o-ecossistema-empreendedor-com-foco-no-impacto-social.jpg); background-position: 0% 30%;\tbackground-repeat: no-repeat; background-size: cover;\">\n\t\t\t\t\t\t<div class=\"shadow-bg\">\n\t\t\t\t\t\t\t<span class=\"categoria\">Article<\/span>\n\t\t\t\t\t\t\t<div class=\"texto\">\n\t\t\t\t\t\t\t\t<h3 class=\"titulo-acervo\">O ecossistema empreendedor com foco no impacto social<\/h3>\n\t\t\t\t\t\t\t\t<span class=\"resumo\">\n\t\t\t\t\t\t\t\t\tAo longo da \u00faltima d\u00e9cada as grandes empresas vem se...\t\t\t\t\t\t\t\t<\/span>\n\t\t\t\t\t\t\t<\/div>\n\t\t\t\t\t\t<\/div>\n\t\t\t\t\t<\/div>\n\t\t\t\t<\/a>\n\t\t\t\n\t\t\t\t\t\t\t\t<a class=\"col-12 col-md-4 link-nulo card-artigo\" href=\"https:\/\/mitreaprio.com.br\/en\/o-mit-reap-no-contexto-das-cidades-inteligentes\/\">\n\t\t\t\t\t<div class=\"artigo\" style=\"background: url(https:\/\/mitreaprio.com.br\/wp-content\/uploads\/2023\/05\/MIT-REAP-no-contexto-das-cidades-inteligentes.jpg); background-position: 0% 30%;\tbackground-repeat: no-repeat; background-size: cover;\">\n\t\t\t\t\t\t<div class=\"shadow-bg\">\n\t\t\t\t\t\t\t<span class=\"categoria\">Article<\/span>\n\t\t\t\t\t\t\t<div class=\"texto\">\n\t\t\t\t\t\t\t\t<h3 class=\"titulo-acervo\">O MIT REAP no contexto das Cidades Inteligentes<\/h3>\n\t\t\t\t\t\t\t\t<span class=\"resumo\">\n\t\t\t\t\t\t\t\t\tO projeto Ecossistema de Inova\u00e7\u00e3o em Energia e Sustentabilidade do...\t\t\t\t\t\t\t\t<\/span>\n\t\t\t\t\t\t\t<\/div>\n\t\t\t\t\t\t<\/div>\n\t\t\t\t\t<\/div>\n\t\t\t\t<\/a>\n\t\t\t\n\t\t\t\t\t\t\t<\/div>\n\t\t<\/div>\n\t<\/div>\n\n\t\t\t\n\t<script language=\"javascript\">\n\n\t<\/script>\n\t\n\t\t\t\t\t\t<\/div>\n\t\t\t\t<\/div>\n\t\t\t\t\t<\/div>\n\t\t<\/div>\n\t\t\t\t\t<\/div>\n\t\t<\/section>\n\t\t\t\t<section class=\"elementor-section elementor-top-section elementor-element elementor-element-e1e323c elementor-section-boxed elementor-section-height-default elementor-section-height-default\" data-id=\"e1e323c\" data-element_type=\"section\">\n\t\t\t\t\t\t<div class=\"elementor-container elementor-column-gap-default\">\n\t\t\t\t\t<div class=\"elementor-column elementor-col-50 elementor-top-column elementor-element elementor-element-80859b8\" data-id=\"80859b8\" data-element_type=\"column\">\n\t\t\t<div class=\"elementor-widget-wrap elementor-element-populated\">\n\t\t\t\t\t\t<div class=\"elementor-element elementor-element-318afd2 elementor-widget elementor-widget-video\" data-id=\"318afd2\" data-element_type=\"widget\" data-settings=\"{&quot;youtube_url&quot;:&quot;https:\\\/\\\/youtu.be\\\/K2NzFhnfen0&quot;,&quot;video_type&quot;:&quot;youtube&quot;,&quot;controls&quot;:&quot;yes&quot;}\" data-widget_type=\"video.default\">\n\t\t\t\t<div class=\"elementor-widget-container\">\n\t\t\t\t\t\t\t<div class=\"elementor-wrapper elementor-open-inline\">\n\t\t\t<div class=\"elementor-video\"><\/div>\t\t<\/div>\n\t\t\t\t\t\t<\/div>\n\t\t\t\t<\/div>\n\t\t\t\t\t<\/div>\n\t\t<\/div>\n\t\t\t\t<div class=\"elementor-column elementor-col-50 elementor-top-column elementor-element elementor-element-d56e4ac\" data-id=\"d56e4ac\" data-element_type=\"column\">\n\t\t\t<div class=\"elementor-widget-wrap elementor-element-populated\">\n\t\t\t\t\t\t<div class=\"elementor-element elementor-element-d809be9 elementor-widget elementor-widget-video\" data-id=\"d809be9\" data-element_type=\"widget\" data-settings=\"{&quot;youtube_url&quot;:&quot;https:\\\/\\\/youtu.be\\\/URfhE9U13x4&quot;,&quot;video_type&quot;:&quot;youtube&quot;,&quot;controls&quot;:&quot;yes&quot;}\" data-widget_type=\"video.default\">\n\t\t\t\t<div class=\"elementor-widget-container\">\n\t\t\t\t\t\t\t<div class=\"elementor-wrapper elementor-open-inline\">\n\t\t\t<div class=\"elementor-video\"><\/div>\t\t<\/div>\n\t\t\t\t\t\t<\/div>\n\t\t\t\t<\/div>\n\t\t\t\t\t<\/div>\n\t\t<\/div>\n\t\t\t\t\t<\/div>\n\t\t<\/section>\n\t\t\t\t<section class=\"elementor-section elementor-top-section elementor-element elementor-element-50b8934 elementor-section-boxed elementor-section-height-default elementor-section-height-default\" data-id=\"50b8934\" data-element_type=\"section\">\n\t\t\t\t\t\t<div class=\"elementor-container elementor-column-gap-default\">\n\t\t\t\t\t<div class=\"elementor-column elementor-col-50 elementor-top-column elementor-element elementor-element-290aae0\" data-id=\"290aae0\" data-element_type=\"column\">\n\t\t\t<div class=\"elementor-widget-wrap elementor-element-populated\">\n\t\t\t\t\t\t<div class=\"elementor-element elementor-element-7f41dc0 elementor-widget elementor-widget-video\" data-id=\"7f41dc0\" data-element_type=\"widget\" data-settings=\"{&quot;youtube_url&quot;:&quot;https:\\\/\\\/youtu.be\\\/3_5_fBYcyDg&quot;,&quot;video_type&quot;:&quot;youtube&quot;,&quot;controls&quot;:&quot;yes&quot;}\" data-widget_type=\"video.default\">\n\t\t\t\t<div class=\"elementor-widget-container\">\n\t\t\t\t\t\t\t<div class=\"elementor-wrapper elementor-open-inline\">\n\t\t\t<div class=\"elementor-video\"><\/div>\t\t<\/div>\n\t\t\t\t\t\t<\/div>\n\t\t\t\t<\/div>\n\t\t\t\t\t<\/div>\n\t\t<\/div>\n\t\t\t\t<div class=\"elementor-column elementor-col-50 elementor-top-column elementor-element elementor-element-f30b294\" data-id=\"f30b294\" data-element_type=\"column\">\n\t\t\t<div class=\"elementor-widget-wrap elementor-element-populated\">\n\t\t\t\t\t\t<div class=\"elementor-element elementor-element-9f046c2 elementor-widget elementor-widget-video\" data-id=\"9f046c2\" data-element_type=\"widget\" data-settings=\"{&quot;youtube_url&quot;:&quot;https:\\\/\\\/youtu.be\\\/TcYndPy7AqE&quot;,&quot;video_type&quot;:&quot;youtube&quot;,&quot;controls&quot;:&quot;yes&quot;}\" data-widget_type=\"video.default\">\n\t\t\t\t<div class=\"elementor-widget-container\">\n\t\t\t\t\t\t\t<div class=\"elementor-wrapper elementor-open-inline\">\n\t\t\t<div class=\"elementor-video\"><\/div>\t\t<\/div>\n\t\t\t\t\t\t<\/div>\n\t\t\t\t<\/div>\n\t\t\t\t\t<\/div>\n\t\t<\/div>\n\t\t\t\t\t<\/div>\n\t\t<\/section>\n\t\t\t\t<section class=\"elementor-section elementor-top-section elementor-element elementor-element-182dfbe elementor-section-boxed elementor-section-height-default elementor-section-height-default\" data-id=\"182dfbe\" data-element_type=\"section\">\n\t\t\t\t\t\t<div class=\"elementor-container elementor-column-gap-default\">\n\t\t\t\t\t<div class=\"elementor-column elementor-col-50 elementor-top-column elementor-element elementor-element-7851e89\" data-id=\"7851e89\" data-element_type=\"column\">\n\t\t\t<div class=\"elementor-widget-wrap elementor-element-populated\">\n\t\t\t\t\t\t<div class=\"elementor-element elementor-element-4ee7385 elementor-widget elementor-widget-video\" data-id=\"4ee7385\" data-element_type=\"widget\" data-settings=\"{&quot;youtube_url&quot;:&quot;https:\\\/\\\/youtu.be\\\/3d351EkqT4I&quot;,&quot;video_type&quot;:&quot;youtube&quot;,&quot;controls&quot;:&quot;yes&quot;}\" data-widget_type=\"video.default\">\n\t\t\t\t<div class=\"elementor-widget-container\">\n\t\t\t\t\t\t\t<div class=\"elementor-wrapper elementor-open-inline\">\n\t\t\t<div class=\"elementor-video\"><\/div>\t\t<\/div>\n\t\t\t\t\t\t<\/div>\n\t\t\t\t<\/div>\n\t\t\t\t\t<\/div>\n\t\t<\/div>\n\t\t\t\t<div class=\"elementor-column elementor-col-50 elementor-top-column elementor-element elementor-element-0e79327\" data-id=\"0e79327\" data-element_type=\"column\">\n\t\t\t<div class=\"elementor-widget-wrap elementor-element-populated\">\n\t\t\t\t\t\t<div class=\"elementor-element elementor-element-2d7f76d elementor-widget elementor-widget-video\" data-id=\"2d7f76d\" data-element_type=\"widget\" data-settings=\"{&quot;youtube_url&quot;:&quot;https:\\\/\\\/youtu.be\\\/xnbx_hKaxHQ&quot;,&quot;video_type&quot;:&quot;youtube&quot;,&quot;controls&quot;:&quot;yes&quot;}\" data-widget_type=\"video.default\">\n\t\t\t\t<div class=\"elementor-widget-container\">\n\t\t\t\t\t\t\t<div class=\"elementor-wrapper elementor-open-inline\">\n\t\t\t<div class=\"elementor-video\"><\/div>\t\t<\/div>\n\t\t\t\t\t\t<\/div>\n\t\t\t\t<\/div>\n\t\t\t\t\t<\/div>\n\t\t<\/div>\n\t\t\t\t\t<\/div>\n\t\t<\/section>\n\t\t\t\t<section class=\"elementor-section elementor-top-section elementor-element elementor-element-cb37188 elementor-section-boxed elementor-section-height-default elementor-section-height-default\" data-id=\"cb37188\" data-element_type=\"section\">\n\t\t\t\t\t\t<div class=\"elementor-container elementor-column-gap-default\">\n\t\t\t\t\t<div class=\"elementor-column elementor-col-100 elementor-top-column elementor-element elementor-element-ddf4b6b\" data-id=\"ddf4b6b\" data-element_type=\"column\">\n\t\t\t<div class=\"elementor-widget-wrap elementor-element-populated\">\n\t\t\t\t\t\t<div class=\"elementor-element elementor-element-3b9051a elementor-align-center elementor-widget elementor-widget-button\" data-id=\"3b9051a\" data-element_type=\"widget\" data-widget_type=\"button.default\">\n\t\t\t\t<div class=\"elementor-widget-container\">\n\t\t\t\t\t\t\t\t\t<div class=\"elementor-button-wrapper\">\n\t\t\t\t\t<a class=\"elementor-button elementor-button-link elementor-size-md elementor-animation-grow\" href=\"https:\/\/www.youtube.com\/@MITREAPRio\">\n\t\t\t\t\t\t<span class=\"elementor-button-content-wrapper\">\n\t\t\t\t\t\t\t\t\t<span class=\"elementor-button-text\">Assista mais no nosso canal do Youtube<\/span>\n\t\t\t\t\t<\/span>\n\t\t\t\t\t<\/a>\n\t\t\t\t<\/div>\n\t\t\t\t\t\t\t\t<\/div>\n\t\t\t\t<\/div>\n\t\t\t\t\t<\/div>\n\t\t<\/div>\n\t\t\t\t\t<\/div>\n\t\t<\/section>\n\t\t\t\t<\/div>","protected":false},"excerpt":{"rendered":"<p>Acervo https:\/\/youtu.be\/K2NzFhnfen0https:\/\/youtu.be\/URfhE9U13x4https:\/\/youtu.be\/3_5_fBYcyDghttps:\/\/youtu.be\/TcYndPy7AqEhttps:\/\/youtu.be\/3d351EkqT4Ihttps:\/\/youtu.be\/xnbx_hKaxHQ Assista mais no nosso canal do Youtube<\/p>","protected":false},"author":1,"featured_media":0,"parent":0,"menu_order":0,"comment_status":"closed","ping_status":"closed","template":"","meta":{"_acf_changed":false,"site-sidebar-layout":"no-sidebar","site-content-layout":"page-builder","ast-global-header-display":"","ast-banner-title-visibility":"","ast-main-header-display":"","ast-hfb-above-header-display":"","ast-hfb-below-header-display":"","ast-hfb-mobile-header-display":"","site-post-title":"disabled","ast-breadcrumbs-content":"","ast-featured-img":"disabled","footer-sml-layout":"","theme-transparent-header-meta":"","adv-header-id-meta":"","stick-header-meta":"","header-above-stick-meta":"","header-main-stick-meta":"","header-below-stick-meta":"","footnotes":""},"class_list":["post-13","page","type-page","status-publish","hentry"],"acf":[],"_links":{"self":[{"href":"https:\/\/mitreaprio.com.br\/en\/wp-json\/wp\/v2\/pages\/13","targetHints":{"allow":["GET"]}}],"collection":[{"href":"https:\/\/mitreaprio.com.br\/en\/wp-json\/wp\/v2\/pages"}],"about":[{"href":"https:\/\/mitreaprio.com.br\/en\/wp-json\/wp\/v2\/types\/page"}],"author":[{"embeddable":true,"href":"https:\/\/mitreaprio.com.br\/en\/wp-json\/wp\/v2\/users\/1"}],"replies":[{"embeddable":true,"href":"https:\/\/mitreaprio.com.br\/en\/wp-json\/wp\/v2\/comments?post=13"}],"version-history":[{"count":25,"href":"https:\/\/mitreaprio.com.br\/en\/wp-json\/wp\/v2\/pages\/13\/revisions"}],"predecessor-version":[{"id":1178,"href":"https:\/\/mitreaprio.com.br\/en\/wp-json\/wp\/v2\/pages\/13\/revisions\/1178"}],"wp:attachment":[{"href":"https:\/\/mitreaprio.com.br\/en\/wp-json\/wp\/v2\/media?parent=13"}],"curies":[{"name":"wp","href":"https:\/\/api.w.org\/{rel}","templated":true}]}}