{"id":11,"date":"2023-05-22T13:34:37","date_gmt":"2023-05-22T13:34:37","guid":{"rendered":"https:\/\/mitreaprio.com.br\/?page_id=11"},"modified":"2023-07-10T20:22:28","modified_gmt":"2023-07-10T20:22:28","slug":"entregas","status":"publish","type":"page","link":"https:\/\/mitreaprio.com.br\/en\/entregas\/","title":{"rendered":"Entregas"},"content":{"rendered":"<div data-elementor-type=\"wp-page\" data-elementor-id=\"11\" class=\"elementor elementor-11\">\n\t\t\t\t\t\t<section class=\"elementor-section elementor-top-section elementor-element elementor-element-ad8f191 elementor-section-full_width elementor-section-height-default elementor-section-height-default\" data-id=\"ad8f191\" data-element_type=\"section\" data-settings=\"{&quot;background_background&quot;:&quot;classic&quot;}\">\n\t\t\t\t\t\t<div class=\"elementor-container elementor-column-gap-default\">\n\t\t\t\t\t<div class=\"elementor-column elementor-col-100 elementor-top-column elementor-element elementor-element-3182efc\" data-id=\"3182efc\" data-element_type=\"column\">\n\t\t\t<div class=\"elementor-widget-wrap elementor-element-populated\">\n\t\t\t\t\t\t<div class=\"elementor-element elementor-element-3ff30f4 elementor-widget elementor-widget-heading\" data-id=\"3ff30f4\" data-element_type=\"widget\" data-widget_type=\"heading.default\">\n\t\t\t\t<div class=\"elementor-widget-container\">\n\t\t\t\t\t<h3 class=\"elementor-heading-title elementor-size-default\">Nossas Entregas<br>transformers<\/h3>\t\t\t\t<\/div>\n\t\t\t\t<\/div>\n\t\t\t\t<div class=\"elementor-element elementor-element-395b8e6 elementor-widget elementor-widget-sidebar\" data-id=\"395b8e6\" data-element_type=\"widget\" data-widget_type=\"sidebar.default\">\n\t\t\t\t<div class=\"elementor-widget-container\">\n\t\t\t\t\t<aside id=\"egd_transaction_widget-2\" class=\"widget widget_egd_transaction_widget\">\t<link rel=\"stylesheet\" href=\"https:\/\/cdnjs.cloudflare.com\/ajax\/libs\/OwlCarousel2\/2.3.4\/assets\/owl.carousel.min.css\">\n\t<link rel=\"stylesheet\" href=\"https:\/\/cdnjs.cloudflare.com\/ajax\/libs\/OwlCarousel2\/2.3.4\/assets\/owl.theme.default.css\">\n\n\t<style>\n\n\t\t.item{\n\t\t\tcolor: #fff;\n\t\t\tdisplay: flex;\n\t\t\tflex-direction: column;\n\t\t\theight: 350px !important;\n\t\t}\n\t\t.titulo{\n\t\t\tcolor: #fff !important;\n\t\t\tpadding: 1em 1.5em 1em 1.5em;\n\t\t\tmargin: 0;\n\t\t\theight: 100px;\n\t\t}\n\t\t.titulo h3{\n\t\t\tcolor: #fff !important;\n\t\t}\n\t\t.entry-content h3{\n\t\t\tmargin-bottom: 0px !important;\n\t\t}\n\t\t.saibaMais{\n\t\t\tdisplay: flex;\n\t\t\tjustify-content: flex-end;\n\t\t\tz-index: 1;\n\t\t\tmargin-top: -1em;\n\t\t\tcursor: pointer;\n\t\t}\n\t\t.saibaMais a, .saibaMais p{\n\t\t\tbackground: #fff;\n\t\t\tcolor: #762670;\n\t\t\tpadding: 0.5em 1em;\n\t\t\tmargin: 0 1em;\n\t\t\ttext-decoration: none !important;\n\t\t\tbox-shadow: 0px 5px 15px #000;\n\t\t}\n\t\t.saibaMais a:hover, .saibaMais p:hover{\n\t\t\ttransform: scale(1.1);\n\t\t}\n\t\t.image-iniciativa{\n\t\t\tmargin-top: -1.5em;\n\t\t\theight: 250px !important;\n\t\t\twidth: 100% !important;\n\t\t\tobject-fit: cover;\n\t\t}\n\n\t\t@media (max-width: 600px){\n\t\t\t.item{\n\t\t\t\theight: 300px !important;\n\t\t\t}\n\t\t\t.titulo{\n\t\t\t\theight: 150px !important;\n\t\t\t\tpadding: 0.5em 1em 1em 1em;\n\t\t\t}\n\t\t}\n\n\t<\/style>\n\t\n\t<div class=\"container\" >\n\t\t<div id=\"myCarousel\" class=\"carousel slide\">\n\t\t\t<div class=\"owl-carousel owl-theme\">\n\t\t\n        <div class=\"item\" style=\"background: #CA2384;\">\n\t\t\t<div class=\"titulo\">\n\t\t\t\t<h3>Distrito Rio Tech Report<\/h3>\n\t\t\t<\/div>\n\t\t\t<div class=\"saibaMais\">\n\t\t\t\t\t\t\t\t\t<a href=\"https:\/\/materiais.distrito.me\/material\/riotech-report-2023\"> Baixe aqui <\/a>\n\t\t\t\t\t\t\t<\/div>\n            <img decoding=\"async\" class=\"image-iniciativa\" src=\"https:\/\/mitreaprio.com.br\/wp-content\/uploads\/2023\/07\/distrito-rio-tech-report-e1689362337281.png\" alt=\"Distrito Rio Tech Report\">\n        <\/div>\n\n\t\t\n        <div class=\"item\" style=\"background: #28275F;\">\n\t\t\t<div class=\"titulo\">\n\t\t\t\t<h3>Miss\u00e3o MIT Boston<\/h3>\n\t\t\t<\/div>\n\t\t\t<div class=\"saibaMais\">\n\t\t\t\t\t\t\t\t\t<p> Em breve <\/p>\n\t\t\t\t\t\t\t<\/div>\n            <img decoding=\"async\" class=\"image-iniciativa\" src=\"https:\/\/mitreaprio.com.br\/wp-content\/uploads\/2023\/07\/mit-boston.jpeg\" alt=\"Miss\u00e3o MIT Boston\">\n        <\/div>\n\n\t\t\n        <div class=\"item\" style=\"background: #CA2384;\">\n\t\t\t<div class=\"titulo\">\n\t\t\t\t<h3>Metaverso MIT Reap Rio<\/h3>\n\t\t\t<\/div>\n\t\t\t<div class=\"saibaMais\">\n\t\t\t\t\t\t\t\t\t<a href=\"https:\/\/lnkd.in\/d89GhqDq\"> Acessar <\/a>\n\t\t\t\t\t\t\t<\/div>\n            <img decoding=\"async\" class=\"image-iniciativa\" src=\"https:\/\/mitreaprio.com.br\/wp-content\/uploads\/2023\/07\/METAVERSO-MIT-REAP.jpeg\" alt=\"Metaverso MIT Reap Rio\">\n        <\/div>\n\n\t\t\n        <div class=\"item\" style=\"background: #28275F;\">\n\t\t\t<div class=\"titulo\">\n\t\t\t\t<h3>Energy Innovation Olympics<\/h3>\n\t\t\t<\/div>\n\t\t\t<div class=\"saibaMais\">\n\t\t\t\t\t\t\t\t\t<p> Em breve <\/p>\n\t\t\t\t\t\t\t<\/div>\n            <img decoding=\"async\" class=\"image-iniciativa\" src=\"https:\/\/mitreaprio.com.br\/wp-content\/uploads\/2023\/05\/olimpiadas-de-inovacao-de-energia.jpeg\" alt=\"Olimp\u00edadas de Inova\u00e7\u00e3o de Energia\">\n        <\/div>\n\n\t\t\n        <div class=\"item\" style=\"background: #CA2384;\">\n\t\t\t<div class=\"titulo\">\n\t\t\t\t<h3>Playbook of Investment<\/h3>\n\t\t\t<\/div>\n\t\t\t<div class=\"saibaMais\">\n\t\t\t\t\t\t\t\t\t<a href=\"https:\/\/playbook.mitreaprio.com.br\/\"> Acessar <\/a>\n\t\t\t\t\t\t\t<\/div>\n            <img decoding=\"async\" class=\"image-iniciativa\" src=\"https:\/\/mitreaprio.com.br\/wp-content\/uploads\/2023\/05\/play-book.png\" alt=\"Playbook de Investimento\">\n        <\/div>\n\n\t\t\n        <div class=\"item\" style=\"background: #28275F;\">\n\t\t\t<div class=\"titulo\">\n\t\t\t\t<h3>MIT REAP in Rio 2023<\/h3>\n\t\t\t<\/div>\n\t\t\t<div class=\"saibaMais\">\n\t\t\t\t\t\t\t\t\t<a href=\"https:\/\/mitreapinrio.com.br\/\"> Know More! <\/a>\n\t\t\t\t\t\t\t<\/div>\n            <img decoding=\"async\" class=\"image-iniciativa\" src=\"https:\/\/mitreaprio.com.br\/wp-content\/uploads\/2023\/05\/MIT-REAP-in_RIO-15.png\" alt=\"MIT REAP in Rio 2023\">\n        <\/div>\n\n\t\t\n        <div class=\"item\" style=\"background: #CA2384;\">\n\t\t\t<div class=\"titulo\">\n\t\t\t\t<h3>Energinn<\/h3>\n\t\t\t<\/div>\n\t\t\t<div class=\"saibaMais\">\n\t\t\t\t\t\t\t\t\t<a href=\"https:\/\/programaenerginn.com.br\/\"> Know More <\/a>\n\t\t\t\t\t\t\t<\/div>\n            <img decoding=\"async\" class=\"image-iniciativa\" src=\"https:\/\/mitreaprio.com.br\/wp-content\/uploads\/2023\/05\/energinn-2023.jpg\" alt=\"Energinn\">\n        <\/div>\n\n\t    \t\t<\/div>\n\t\t<\/div>\n\t<\/div>\n\n    <script src=\"https:\/\/code.jquery.com\/jquery-3.2.1.min.js\"><\/script>\n    <script src=\"https:\/\/cdnjs.cloudflare.com\/ajax\/libs\/OwlCarousel2\/2.3.4\/owl.carousel.min.js\"><\/script>\n\n    <script>\n        $('.owl-carousel').owlCarousel({\n            loop: true, \/\/deixa ele rodando eternament\n            margin: 10, \/\/ distancia entre imgs\n            autoplay: true, \/\/ fica rodando sozinho\n            autoplayTimeout: 5500, \/\/ tempo em que gira e para trocando imgsr\n            responsive: {\n                0: {\n                    items: 2 \/\/ 2 img em telas at\u00e9 767px\n                },\n                768: {\n                    items: 3 \/\/ 3 img em telas maiores que 768px\n                },\n                992: {\n                    items: 3 \/\/ 5 img em telas maiores que 992px\n                }\n            }\n        })\n    <\/script>\n\t\n\t<\/aside>\t\t\t\t<\/div>\n\t\t\t\t<\/div>\n\t\t\t\t\t<\/div>\n\t\t<\/div>\n\t\t\t\t\t<\/div>\n\t\t<\/section>\n\t\t\t\t<section class=\"elementor-section elementor-top-section elementor-element elementor-element-213f11f elementor-section-boxed elementor-section-height-default elementor-section-height-default\" data-id=\"213f11f\" data-element_type=\"section\">\n\t\t\t\t\t\t<div class=\"elementor-container elementor-column-gap-default\">\n\t\t\t\t\t<div class=\"elementor-column elementor-col-100 elementor-top-column elementor-element elementor-element-d4da5e8\" data-id=\"d4da5e8\" data-element_type=\"column\">\n\t\t\t<div class=\"elementor-widget-wrap elementor-element-populated\">\n\t\t\t\t\t\t<div class=\"elementor-element elementor-element-9863309 elementor-widget elementor-widget-heading\" data-id=\"9863309\" data-element_type=\"widget\" data-widget_type=\"heading.default\">\n\t\t\t\t<div class=\"elementor-widget-container\">\n\t\t\t\t\t<h3 class=\"elementor-heading-title elementor-size-default\">Desafios do Programa<\/h3>\t\t\t\t<\/div>\n\t\t\t\t<\/div>\n\t\t\t\t<div class=\"elementor-element elementor-element-c499e5b elementor-widget elementor-widget-text-editor\" data-id=\"c499e5b\" data-element_type=\"widget\" data-widget_type=\"text-editor.default\">\n\t\t\t\t<div class=\"elementor-widget-container\">\n\t\t\t\t\t\t\t\t\t<p>Conhe\u00e7a alguns dos desafios que motivaram a escolha do Rio de Janeiro para sediar o Programa de Acelera\u00e7\u00e3o de Empreendedorismo Regional do MIT na cidade.<\/p>\t\t\t\t\t\t\t\t<\/div>\n\t\t\t\t<\/div>\n\t\t\t\t<section class=\"elementor-section elementor-inner-section elementor-element elementor-element-dd14847 elementor-section-boxed elementor-section-height-default elementor-section-height-default\" data-id=\"dd14847\" data-element_type=\"section\">\n\t\t\t\t\t\t<div class=\"elementor-container elementor-column-gap-default\">\n\t\t\t\t\t<div class=\"elementor-column elementor-col-33 elementor-inner-column elementor-element elementor-element-1bc19ab\" data-id=\"1bc19ab\" data-element_type=\"column\">\n\t\t\t<div class=\"elementor-widget-wrap elementor-element-populated\">\n\t\t\t\t\t\t<div class=\"elementor-element elementor-element-7c127ea elementor-widget-divider--view-line elementor-widget elementor-widget-divider\" data-id=\"7c127ea\" data-element_type=\"widget\" data-widget_type=\"divider.default\">\n\t\t\t\t<div class=\"elementor-widget-container\">\n\t\t\t\t\t\t\t<div class=\"elementor-divider\">\n\t\t\t<span class=\"elementor-divider-separator\">\n\t\t\t\t\t\t<\/span>\n\t\t<\/div>\n\t\t\t\t\t\t<\/div>\n\t\t\t\t<\/div>\n\t\t\t\t<div class=\"elementor-element elementor-element-2680c91 elementor-widget elementor-widget-heading\" data-id=\"2680c91\" data-element_type=\"widget\" data-widget_type=\"heading.default\">\n\t\t\t\t<div class=\"elementor-widget-container\">\n\t\t\t\t\t<h3 class=\"elementor-heading-title elementor-size-default\">Economy<\/h3>\t\t\t\t<\/div>\n\t\t\t\t<\/div>\n\t\t\t\t<div class=\"elementor-element elementor-element-dde1412 elementor-widget elementor-widget-text-editor\" data-id=\"dde1412\" data-element_type=\"widget\" data-widget_type=\"text-editor.default\">\n\t\t\t\t<div class=\"elementor-widget-container\">\n\t\t\t\t\t\t\t\t\t<p>Economy losing importance in the Brazilian economic context, needing to find new (or reformulate) regional vocations thinking about the future. Economy still very dependent on government or \u201cparastatals\u201d.<\/p>\t\t\t\t\t\t\t\t<\/div>\n\t\t\t\t<\/div>\n\t\t\t\t\t<\/div>\n\t\t<\/div>\n\t\t\t\t<div class=\"elementor-column elementor-col-33 elementor-inner-column elementor-element elementor-element-a776a28\" data-id=\"a776a28\" data-element_type=\"column\">\n\t\t\t<div class=\"elementor-widget-wrap elementor-element-populated\">\n\t\t\t\t\t\t<div class=\"elementor-element elementor-element-92ee9a3 elementor-widget-divider--view-line elementor-widget elementor-widget-divider\" data-id=\"92ee9a3\" data-element_type=\"widget\" data-widget_type=\"divider.default\">\n\t\t\t\t<div class=\"elementor-widget-container\">\n\t\t\t\t\t\t\t<div class=\"elementor-divider\">\n\t\t\t<span class=\"elementor-divider-separator\">\n\t\t\t\t\t\t<\/span>\n\t\t<\/div>\n\t\t\t\t\t\t<\/div>\n\t\t\t\t<\/div>\n\t\t\t\t<div class=\"elementor-element elementor-element-04da526 elementor-widget elementor-widget-heading\" data-id=\"04da526\" data-element_type=\"widget\" data-widget_type=\"heading.default\">\n\t\t\t\t<div class=\"elementor-widget-container\">\n\t\t\t\t\t<h3 class=\"elementor-heading-title elementor-size-default\">State and municipality<\/h3>\t\t\t\t<\/div>\n\t\t\t\t<\/div>\n\t\t\t\t<div class=\"elementor-element elementor-element-fcc33cd elementor-widget elementor-widget-text-editor\" data-id=\"fcc33cd\" data-element_type=\"widget\" data-widget_type=\"text-editor.default\">\n\t\t\t\t<div class=\"elementor-widget-container\">\n\t\t\t\t\t\t\t\t\t<p>State and municipality is overcoming recent political-institutional crises and needs to build the foundations of a new and improved business environment.<\/p>\t\t\t\t\t\t\t\t<\/div>\n\t\t\t\t<\/div>\n\t\t\t\t\t<\/div>\n\t\t<\/div>\n\t\t\t\t<div class=\"elementor-column elementor-col-33 elementor-inner-column elementor-element elementor-element-8109608\" data-id=\"8109608\" data-element_type=\"column\">\n\t\t\t<div class=\"elementor-widget-wrap elementor-element-populated\">\n\t\t\t\t\t\t<div class=\"elementor-element elementor-element-8a4fe26 elementor-widget-divider--view-line elementor-widget elementor-widget-divider\" data-id=\"8a4fe26\" data-element_type=\"widget\" data-widget_type=\"divider.default\">\n\t\t\t\t<div class=\"elementor-widget-container\">\n\t\t\t\t\t\t\t<div class=\"elementor-divider\">\n\t\t\t<span class=\"elementor-divider-separator\">\n\t\t\t\t\t\t<\/span>\n\t\t<\/div>\n\t\t\t\t\t\t<\/div>\n\t\t\t\t<\/div>\n\t\t\t\t<div class=\"elementor-element elementor-element-4d809c3 elementor-widget elementor-widget-heading\" data-id=\"4d809c3\" data-element_type=\"widget\" data-widget_type=\"heading.default\">\n\t\t\t\t<div class=\"elementor-widget-container\">\n\t\t\t\t\t<h3 class=\"elementor-heading-title elementor-size-default\">Conversion of activities<\/h3>\t\t\t\t<\/div>\n\t\t\t\t<\/div>\n\t\t\t\t<div class=\"elementor-element elementor-element-70f1431 elementor-widget elementor-widget-text-editor\" data-id=\"70f1431\" data-element_type=\"widget\" data-widget_type=\"text-editor.default\">\n\t\t\t\t<div class=\"elementor-widget-container\">\n\t\t\t\t\t\t\t\t\t<p>Low rate of conversion of academic research activities into business and positive economic impacts for the State.<\/p>\t\t\t\t\t\t\t\t<\/div>\n\t\t\t\t<\/div>\n\t\t\t\t\t<\/div>\n\t\t<\/div>\n\t\t\t\t\t<\/div>\n\t\t<\/section>\n\t\t\t\t\t<\/div>\n\t\t<\/div>\n\t\t\t\t\t<\/div>\n\t\t<\/section>\n\t\t\t\t<section class=\"elementor-section elementor-top-section elementor-element elementor-element-cfb539e elementor-section-boxed elementor-section-height-default elementor-section-height-default\" data-id=\"cfb539e\" data-element_type=\"section\" data-settings=\"{&quot;background_background&quot;:&quot;classic&quot;}\">\n\t\t\t\t\t\t<div class=\"elementor-container elementor-column-gap-default\">\n\t\t\t\t\t<div class=\"elementor-column elementor-col-100 elementor-top-column elementor-element elementor-element-6ba6f1a\" data-id=\"6ba6f1a\" data-element_type=\"column\">\n\t\t\t<div class=\"elementor-widget-wrap elementor-element-populated\">\n\t\t\t\t\t\t<div class=\"elementor-element elementor-element-67db1c8 elementor-widget elementor-widget-heading\" data-id=\"67db1c8\" data-element_type=\"widget\" data-widget_type=\"heading.default\">\n\t\t\t\t<div class=\"elementor-widget-container\">\n\t\t\t\t\t<h3 class=\"elementor-heading-title elementor-size-default\">Por que o Rio de Janeiro?<\/h3>\t\t\t\t<\/div>\n\t\t\t\t<\/div>\n\t\t\t\t<div class=\"elementor-element elementor-element-69ec37d elementor-widget elementor-widget-text-editor\" data-id=\"69ec37d\" data-element_type=\"widget\" data-widget_type=\"text-editor.default\">\n\t\t\t\t<div class=\"elementor-widget-container\">\n\t\t\t\t\t\t\t\t\t<p>Conhe\u00e7a as oportunidades que fizeram do Rio de Janeiro o cen\u00e1rio perfeito para sediar o Programa de Acelera\u00e7\u00e3o de Empreendedorismo Regional do MIT.<\/p>\t\t\t\t\t\t\t\t<\/div>\n\t\t\t\t<\/div>\n\t\t\t\t<section class=\"elementor-section elementor-inner-section elementor-element elementor-element-22ad97d elementor-section-boxed elementor-section-height-default elementor-section-height-default\" data-id=\"22ad97d\" data-element_type=\"section\">\n\t\t\t\t\t\t<div class=\"elementor-container elementor-column-gap-default\">\n\t\t\t\t\t<div class=\"elementor-column elementor-col-33 elementor-inner-column elementor-element elementor-element-c66eec2\" data-id=\"c66eec2\" data-element_type=\"column\">\n\t\t\t<div class=\"elementor-widget-wrap elementor-element-populated\">\n\t\t\t\t\t\t<div class=\"elementor-element elementor-element-876f83a elementor-view-default elementor-widget elementor-widget-icon\" data-id=\"876f83a\" data-element_type=\"widget\" data-widget_type=\"icon.default\">\n\t\t\t\t<div class=\"elementor-widget-container\">\n\t\t\t\t\t\t\t<div class=\"elementor-icon-wrapper\">\n\t\t\t<div class=\"elementor-icon\">\n\t\t\t<i aria-hidden=\"true\" class=\"fas fa-bolt\"><\/i>\t\t\t<\/div>\n\t\t<\/div>\n\t\t\t\t\t\t<\/div>\n\t\t\t\t<\/div>\n\t\t\t\t<div class=\"elementor-element elementor-element-fffad7c elementor-widget elementor-widget-text-editor\" data-id=\"fffad7c\" data-element_type=\"widget\" data-widget_type=\"text-editor.default\">\n\t\t\t\t<div class=\"elementor-widget-container\">\n\t\t\t\t\t\t\t\t\t<p>O setor de Energia possui um grande potencial de transforma\u00e7\u00e3o via inova\u00e7\u00e3o e investimentos em n\u00edvel nacional e global. As iniciativas na \u00e1rea s\u00e3o dispersas e n\u00e3o h\u00e1 ecossistemas de refer\u00eancia como em f\u00e1rmacos e TICs, por exemplo.<\/p>\t\t\t\t\t\t\t\t<\/div>\n\t\t\t\t<\/div>\n\t\t\t\t\t<\/div>\n\t\t<\/div>\n\t\t\t\t<div class=\"elementor-column elementor-col-33 elementor-inner-column elementor-element elementor-element-b946868\" data-id=\"b946868\" data-element_type=\"column\">\n\t\t\t<div class=\"elementor-widget-wrap elementor-element-populated\">\n\t\t\t\t\t\t<div class=\"elementor-element elementor-element-cd6052e elementor-view-default elementor-widget elementor-widget-icon\" data-id=\"cd6052e\" data-element_type=\"widget\" data-widget_type=\"icon.default\">\n\t\t\t\t<div class=\"elementor-widget-container\">\n\t\t\t\t\t\t\t<div class=\"elementor-icon-wrapper\">\n\t\t\t<div class=\"elementor-icon\">\n\t\t\t<i aria-hidden=\"true\" class=\"fas fa-university\"><\/i>\t\t\t<\/div>\n\t\t<\/div>\n\t\t\t\t\t\t<\/div>\n\t\t\t\t<\/div>\n\t\t\t\t<div class=\"elementor-element elementor-element-f061530 elementor-widget elementor-widget-text-editor\" data-id=\"f061530\" data-element_type=\"widget\" data-widget_type=\"text-editor.default\">\n\t\t\t\t<div class=\"elementor-widget-container\">\n\t\t\t\t\t\t\t\t\t<p>Rio de Janeiro has large corporations, great academic quality in STEM areas and energy business, and also other key institutions to position itself as a global player in the energy and sustainability segments.<\/p>\t\t\t\t\t\t\t\t<\/div>\n\t\t\t\t<\/div>\n\t\t\t\t\t<\/div>\n\t\t<\/div>\n\t\t\t\t<div class=\"elementor-column elementor-col-33 elementor-inner-column elementor-element elementor-element-b8daed8\" data-id=\"b8daed8\" data-element_type=\"column\">\n\t\t\t<div class=\"elementor-widget-wrap elementor-element-populated\">\n\t\t\t\t\t\t<div class=\"elementor-element elementor-element-6b636c2 elementor-view-default elementor-widget elementor-widget-icon\" data-id=\"6b636c2\" data-element_type=\"widget\" data-widget_type=\"icon.default\">\n\t\t\t\t<div class=\"elementor-widget-container\">\n\t\t\t\t\t\t\t<div class=\"elementor-icon-wrapper\">\n\t\t\t<div class=\"elementor-icon\">\n\t\t\t<i aria-hidden=\"true\" class=\"fas fa-globe-americas\"><\/i>\t\t\t<\/div>\n\t\t<\/div>\n\t\t\t\t\t\t<\/div>\n\t\t\t\t<\/div>\n\t\t\t\t<div class=\"elementor-element elementor-element-97fe028 elementor-widget elementor-widget-text-editor\" data-id=\"97fe028\" data-element_type=\"widget\" data-widget_type=\"text-editor.default\">\n\t\t\t\t<div class=\"elementor-widget-container\">\n\t\t\t\t\t\t\t\t\t<p><span style=\"white-space: pre-wrap;\">As condi\u00e7\u00f5es macro do Rio de Janeiro como o PIB relevante, popula\u00e7\u00e3o urbana e geografia privilegiada e log\u00edstica (porto e aeroportos) s\u00e3o diferenciais a serem explorados.<\/span><\/p>\t\t\t\t\t\t\t\t<\/div>\n\t\t\t\t<\/div>\n\t\t\t\t\t<\/div>\n\t\t<\/div>\n\t\t\t\t\t<\/div>\n\t\t<\/section>\n\t\t\t\t<div class=\"elementor-element elementor-element-9b05f7b elementor-align-center elementor-widget elementor-widget-button\" data-id=\"9b05f7b\" data-element_type=\"widget\" data-widget_type=\"button.default\">\n\t\t\t\t<div class=\"elementor-widget-container\">\n\t\t\t\t\t\t\t\t\t<div class=\"elementor-button-wrapper\">\n\t\t\t\t\t<a class=\"elementor-button elementor-button-link elementor-size-md\" href=\"https:\/\/mitreaprio.com.br\/en\/quem-somos\/#ecossistema\">\n\t\t\t\t\t\t<span class=\"elementor-button-content-wrapper\">\n\t\t\t\t\t\t\t\t\t<span class=\"elementor-button-text\">Know who is with us<\/span>\n\t\t\t\t\t<\/span>\n\t\t\t\t\t<\/a>\n\t\t\t\t<\/div>\n\t\t\t\t\t\t\t\t<\/div>\n\t\t\t\t<\/div>\n\t\t\t\t\t<\/div>\n\t\t<\/div>\n\t\t\t\t\t<\/div>\n\t\t<\/section>\n\t\t\t\t<\/div>","protected":false},"excerpt":{"rendered":"<p>Nossas EntregasTransformadoras Desafios do Programa Conhe\u00e7a alguns dos desafios que motivaram a escolha do Rio de Janeiro para sediar o Programa de Acelera\u00e7\u00e3o de Empreendedorismo Regional do MIT na cidade. Economia Economia perdendo import\u00e2ncia no contexto econ\u00f4mico brasileiro, precisando encontrar novas (ou reformular) voca\u00e7\u00f5es regionais pensando no futuro. Economia ainda muito dependente de governo ou &hellip;<\/p>\n<p class=\"read-more\"> <a class=\"\" href=\"https:\/\/mitreaprio.com.br\/en\/iniciativa\/energinn\/\"> <span class=\"screen-reader-text\">Energinn<\/span> Read More &raquo;<\/a><\/p>","protected":false},"author":1,"featured_media":0,"parent":0,"menu_order":0,"comment_status":"closed","ping_status":"closed","template":"","meta":{"_acf_changed":false,"site-sidebar-layout":"no-sidebar","site-content-layout":"page-builder","ast-global-header-display":"","ast-banner-title-visibility":"","ast-main-header-display":"","ast-hfb-above-header-display":"","ast-hfb-below-header-display":"","ast-hfb-mobile-header-display":"","site-post-title":"disabled","ast-breadcrumbs-content":"","ast-featured-img":"disabled","footer-sml-layout":"","theme-transparent-header-meta":"","adv-header-id-meta":"","stick-header-meta":"","header-above-stick-meta":"","header-main-stick-meta":"","header-below-stick-meta":"","footnotes":""},"class_list":["post-11","page","type-page","status-publish","hentry"],"acf":[],"_links":{"self":[{"href":"https:\/\/mitreaprio.com.br\/en\/wp-json\/wp\/v2\/pages\/11","targetHints":{"allow":["GET"]}}],"collection":[{"href":"https:\/\/mitreaprio.com.br\/en\/wp-json\/wp\/v2\/pages"}],"about":[{"href":"https:\/\/mitreaprio.com.br\/en\/wp-json\/wp\/v2\/types\/page"}],"author":[{"embeddable":true,"href":"https:\/\/mitreaprio.com.br\/en\/wp-json\/wp\/v2\/users\/1"}],"replies":[{"embeddable":true,"href":"https:\/\/mitreaprio.com.br\/en\/wp-json\/wp\/v2\/comments?post=11"}],"version-history":[{"count":117,"href":"https:\/\/mitreaprio.com.br\/en\/wp-json\/wp\/v2\/pages\/11\/revisions"}],"predecessor-version":[{"id":1084,"href":"https:\/\/mitreaprio.com.br\/en\/wp-json\/wp\/v2\/pages\/11\/revisions\/1084"}],"wp:attachment":[{"href":"https:\/\/mitreaprio.com.br\/en\/wp-json\/wp\/v2\/media?parent=11"}],"curies":[{"name":"wp","href":"https:\/\/api.w.org\/{rel}","templated":true}]}}